{"id":55,"date":"2025-05-18T13:04:20","date_gmt":"2025-05-18T13:04:20","guid":{"rendered":"http:\/\/mmi24f01.mmi-troyes.fr\/wr211\/?page_id=55"},"modified":"2025-05-18T13:42:31","modified_gmt":"2025-05-18T13:42:31","slug":"surveillance-interieure","status":"publish","type":"page","link":"https:\/\/mmi24f01.mmi-troyes.fr\/wr211\/surveillance-interieure\/","title":{"rendered":"Surveillance int\u00e9rieure"},"content":{"rendered":"\n<div class=\"wp-block-group is-nowrap is-layout-flex wp-container-core-group-is-layout-6c531013 wp-block-group-is-layout-flex\">\n<div class=\"wp-block-cover aligncenter has-custom-content-position is-position-bottom-left\" style=\"min-height:371px;aspect-ratio:unset;\"><img loading=\"lazy\" decoding=\"async\" width=\"900\" height=\"900\" class=\"wp-block-cover__image-background wp-image-75\" alt=\"\" src=\"http:\/\/mmi24f01.mmi-troyes.fr\/wr211\/wp-content\/uploads\/2025\/05\/83634731_00.jpg\" data-object-fit=\"cover\" srcset=\"https:\/\/mmi24f01.mmi-troyes.fr\/wr211\/wp-content\/uploads\/2025\/05\/83634731_00.jpg 900w, https:\/\/mmi24f01.mmi-troyes.fr\/wr211\/wp-content\/uploads\/2025\/05\/83634731_00-300x300.jpg 300w, https:\/\/mmi24f01.mmi-troyes.fr\/wr211\/wp-content\/uploads\/2025\/05\/83634731_00-150x150.jpg 150w, https:\/\/mmi24f01.mmi-troyes.fr\/wr211\/wp-content\/uploads\/2025\/05\/83634731_00-768x768.jpg 768w\" sizes=\"auto, (max-width: 900px) 100vw, 900px\" \/><span aria-hidden=\"true\" class=\"wp-block-cover__background has-background-dim\"><\/span><div class=\"wp-block-cover__inner-container is-layout-flow wp-block-cover-is-layout-flow\">\n<p class=\"has-text-align-center has-large-font-size\">Premi\u00e8re Cam\u00e9ra d&#8217;int\u00e9rieure<\/p>\n<\/div><\/div>\n\n\n\n<div class=\"wp-block-cover has-custom-content-position is-position-bottom-left\" style=\"min-height:366px;aspect-ratio:unset;\"><img loading=\"lazy\" decoding=\"async\" width=\"1024\" height=\"964\" class=\"wp-block-cover__image-background wp-image-77\" alt=\"\" src=\"http:\/\/mmi24f01.mmi-troyes.fr\/wr211\/wp-content\/uploads\/2025\/05\/VISUAL_REF_SECONDARY_0.jpg\" data-object-fit=\"cover\" srcset=\"https:\/\/mmi24f01.mmi-troyes.fr\/wr211\/wp-content\/uploads\/2025\/05\/VISUAL_REF_SECONDARY_0.jpg 1024w, https:\/\/mmi24f01.mmi-troyes.fr\/wr211\/wp-content\/uploads\/2025\/05\/VISUAL_REF_SECONDARY_0-300x282.jpg 300w, https:\/\/mmi24f01.mmi-troyes.fr\/wr211\/wp-content\/uploads\/2025\/05\/VISUAL_REF_SECONDARY_0-768x723.jpg 768w\" sizes=\"auto, (max-width: 1024px) 100vw, 1024px\" \/><span aria-hidden=\"true\" class=\"wp-block-cover__background has-background-dim\"><\/span><div class=\"wp-block-cover__inner-container is-layout-flow wp-block-cover-is-layout-flow\">\n<p class=\"has-text-align-center has-large-font-size\">Deuxi\u00e8me Cam\u00e9ra d&#8217;int\u00e9rieure<\/p>\n<\/div><\/div>\n\n\n\n<div class=\"wp-block-cover has-custom-content-position is-position-bottom-left\" style=\"min-height:367px;aspect-ratio:unset;\"><img loading=\"lazy\" decoding=\"async\" width=\"421\" height=\"420\" class=\"wp-block-cover__image-background wp-image-78\" alt=\"\" src=\"http:\/\/mmi24f01.mmi-troyes.fr\/wr211\/wp-content\/uploads\/2025\/05\/camera-ip-interieure-8504.jpg\" data-object-fit=\"cover\" srcset=\"https:\/\/mmi24f01.mmi-troyes.fr\/wr211\/wp-content\/uploads\/2025\/05\/camera-ip-interieure-8504.jpg 421w, https:\/\/mmi24f01.mmi-troyes.fr\/wr211\/wp-content\/uploads\/2025\/05\/camera-ip-interieure-8504-300x300.jpg 300w, https:\/\/mmi24f01.mmi-troyes.fr\/wr211\/wp-content\/uploads\/2025\/05\/camera-ip-interieure-8504-150x150.jpg 150w\" sizes=\"auto, (max-width: 421px) 100vw, 421px\" \/><span aria-hidden=\"true\" class=\"wp-block-cover__background has-background-dim\"><\/span><div class=\"wp-block-cover__inner-container is-layout-flow wp-block-cover-is-layout-flow\">\n<p class=\"has-text-align-center has-large-font-size\">Troisi\u00e8me Cam\u00e9ra d&#8217;int\u00e9rieure<\/p>\n<\/div><\/div>\n<\/div>\n","protected":false},"excerpt":{"rendered":"","protected":false},"author":1,"featured_media":0,"parent":0,"menu_order":0,"comment_status":"closed","ping_status":"closed","template":"","meta":{"footnotes":""},"class_list":["post-55","page","type-page","status-publish","hentry"],"yoast_head":"<!-- This site is optimized with the Yoast SEO plugin v25.1 - https:\/\/yoast.com\/wordpress\/plugins\/seo\/ -->\n<title>Surveillance int\u00e9rieure - BDE des cam\u00e9ras<\/title>\n<meta name=\"robots\" content=\"index, follow, max-snippet:-1, max-image-preview:large, max-video-preview:-1\" \/>\n<link rel=\"canonical\" href=\"https:\/\/mmi24f01.mmi-troyes.fr\/wr211\/surveillance-interieure\/\" \/>\n<meta property=\"og:locale\" content=\"en_US\" \/>\n<meta property=\"og:type\" content=\"article\" \/>\n<meta property=\"og:title\" content=\"Surveillance int\u00e9rieure - BDE des cam\u00e9ras\" \/>\n<meta property=\"og:url\" content=\"https:\/\/mmi24f01.mmi-troyes.fr\/wr211\/surveillance-interieure\/\" \/>\n<meta property=\"og:site_name\" content=\"BDE des cam\u00e9ras\" \/>\n<meta property=\"article:modified_time\" content=\"2025-05-18T13:42:31+00:00\" \/>\n<meta property=\"og:image\" content=\"http:\/\/mmi24f01.mmi-troyes.fr\/wr211\/wp-content\/uploads\/2025\/05\/83634731_00.jpg\" \/>\n<meta name=\"twitter:card\" content=\"summary_large_image\" \/>\n<meta name=\"twitter:label1\" content=\"Est. reading time\" \/>\n\t<meta name=\"twitter:data1\" content=\"1 minute\" \/>\n<script type=\"application\/ld+json\" class=\"yoast-schema-graph\">{\"@context\":\"https:\/\/schema.org\",\"@graph\":[{\"@type\":\"WebPage\",\"@id\":\"https:\/\/mmi24f01.mmi-troyes.fr\/wr211\/surveillance-interieure\/\",\"url\":\"https:\/\/mmi24f01.mmi-troyes.fr\/wr211\/surveillance-interieure\/\",\"name\":\"Surveillance int\u00e9rieure - BDE des cam\u00e9ras\",\"isPartOf\":{\"@id\":\"https:\/\/mmi24f01.mmi-troyes.fr\/wr211\/#website\"},\"primaryImageOfPage\":{\"@id\":\"https:\/\/mmi24f01.mmi-troyes.fr\/wr211\/surveillance-interieure\/#primaryimage\"},\"image\":{\"@id\":\"https:\/\/mmi24f01.mmi-troyes.fr\/wr211\/surveillance-interieure\/#primaryimage\"},\"thumbnailUrl\":\"http:\/\/mmi24f01.mmi-troyes.fr\/wr211\/wp-content\/uploads\/2025\/05\/83634731_00.jpg\",\"datePublished\":\"2025-05-18T13:04:20+00:00\",\"dateModified\":\"2025-05-18T13:42:31+00:00\",\"breadcrumb\":{\"@id\":\"https:\/\/mmi24f01.mmi-troyes.fr\/wr211\/surveillance-interieure\/#breadcrumb\"},\"inLanguage\":\"en-US\",\"potentialAction\":[{\"@type\":\"ReadAction\",\"target\":[\"https:\/\/mmi24f01.mmi-troyes.fr\/wr211\/surveillance-interieure\/\"]}]},{\"@type\":\"ImageObject\",\"inLanguage\":\"en-US\",\"@id\":\"https:\/\/mmi24f01.mmi-troyes.fr\/wr211\/surveillance-interieure\/#primaryimage\",\"url\":\"https:\/\/mmi24f01.mmi-troyes.fr\/wr211\/wp-content\/uploads\/2025\/05\/83634731_00.jpg\",\"contentUrl\":\"https:\/\/mmi24f01.mmi-troyes.fr\/wr211\/wp-content\/uploads\/2025\/05\/83634731_00.jpg\",\"width\":900,\"height\":900},{\"@type\":\"BreadcrumbList\",\"@id\":\"https:\/\/mmi24f01.mmi-troyes.fr\/wr211\/surveillance-interieure\/#breadcrumb\",\"itemListElement\":[{\"@type\":\"ListItem\",\"position\":1,\"name\":\"Home\",\"item\":\"https:\/\/mmi24f01.mmi-troyes.fr\/wr211\/\"},{\"@type\":\"ListItem\",\"position\":2,\"name\":\"Surveillance int\u00e9rieure\"}]},{\"@type\":\"WebSite\",\"@id\":\"https:\/\/mmi24f01.mmi-troyes.fr\/wr211\/#website\",\"url\":\"https:\/\/mmi24f01.mmi-troyes.fr\/wr211\/\",\"name\":\"BDE des cam\u00e9ras\",\"description\":\"\",\"potentialAction\":[{\"@type\":\"SearchAction\",\"target\":{\"@type\":\"EntryPoint\",\"urlTemplate\":\"https:\/\/mmi24f01.mmi-troyes.fr\/wr211\/?s={search_term_string}\"},\"query-input\":{\"@type\":\"PropertyValueSpecification\",\"valueRequired\":true,\"valueName\":\"search_term_string\"}}],\"inLanguage\":\"en-US\"}]}<\/script>\n<!-- \/ Yoast SEO plugin. -->","yoast_head_json":{"title":"Surveillance int\u00e9rieure - BDE des cam\u00e9ras","robots":{"index":"index","follow":"follow","max-snippet":"max-snippet:-1","max-image-preview":"max-image-preview:large","max-video-preview":"max-video-preview:-1"},"canonical":"https:\/\/mmi24f01.mmi-troyes.fr\/wr211\/surveillance-interieure\/","og_locale":"en_US","og_type":"article","og_title":"Surveillance int\u00e9rieure - BDE des cam\u00e9ras","og_url":"https:\/\/mmi24f01.mmi-troyes.fr\/wr211\/surveillance-interieure\/","og_site_name":"BDE des cam\u00e9ras","article_modified_time":"2025-05-18T13:42:31+00:00","og_image":[{"url":"http:\/\/mmi24f01.mmi-troyes.fr\/wr211\/wp-content\/uploads\/2025\/05\/83634731_00.jpg","type":"","width":"","height":""}],"twitter_card":"summary_large_image","twitter_misc":{"Est. reading time":"1 minute"},"schema":{"@context":"https:\/\/schema.org","@graph":[{"@type":"WebPage","@id":"https:\/\/mmi24f01.mmi-troyes.fr\/wr211\/surveillance-interieure\/","url":"https:\/\/mmi24f01.mmi-troyes.fr\/wr211\/surveillance-interieure\/","name":"Surveillance int\u00e9rieure - BDE des cam\u00e9ras","isPartOf":{"@id":"https:\/\/mmi24f01.mmi-troyes.fr\/wr211\/#website"},"primaryImageOfPage":{"@id":"https:\/\/mmi24f01.mmi-troyes.fr\/wr211\/surveillance-interieure\/#primaryimage"},"image":{"@id":"https:\/\/mmi24f01.mmi-troyes.fr\/wr211\/surveillance-interieure\/#primaryimage"},"thumbnailUrl":"http:\/\/mmi24f01.mmi-troyes.fr\/wr211\/wp-content\/uploads\/2025\/05\/83634731_00.jpg","datePublished":"2025-05-18T13:04:20+00:00","dateModified":"2025-05-18T13:42:31+00:00","breadcrumb":{"@id":"https:\/\/mmi24f01.mmi-troyes.fr\/wr211\/surveillance-interieure\/#breadcrumb"},"inLanguage":"en-US","potentialAction":[{"@type":"ReadAction","target":["https:\/\/mmi24f01.mmi-troyes.fr\/wr211\/surveillance-interieure\/"]}]},{"@type":"ImageObject","inLanguage":"en-US","@id":"https:\/\/mmi24f01.mmi-troyes.fr\/wr211\/surveillance-interieure\/#primaryimage","url":"https:\/\/mmi24f01.mmi-troyes.fr\/wr211\/wp-content\/uploads\/2025\/05\/83634731_00.jpg","contentUrl":"https:\/\/mmi24f01.mmi-troyes.fr\/wr211\/wp-content\/uploads\/2025\/05\/83634731_00.jpg","width":900,"height":900},{"@type":"BreadcrumbList","@id":"https:\/\/mmi24f01.mmi-troyes.fr\/wr211\/surveillance-interieure\/#breadcrumb","itemListElement":[{"@type":"ListItem","position":1,"name":"Home","item":"https:\/\/mmi24f01.mmi-troyes.fr\/wr211\/"},{"@type":"ListItem","position":2,"name":"Surveillance int\u00e9rieure"}]},{"@type":"WebSite","@id":"https:\/\/mmi24f01.mmi-troyes.fr\/wr211\/#website","url":"https:\/\/mmi24f01.mmi-troyes.fr\/wr211\/","name":"BDE des cam\u00e9ras","description":"","potentialAction":[{"@type":"SearchAction","target":{"@type":"EntryPoint","urlTemplate":"https:\/\/mmi24f01.mmi-troyes.fr\/wr211\/?s={search_term_string}"},"query-input":{"@type":"PropertyValueSpecification","valueRequired":true,"valueName":"search_term_string"}}],"inLanguage":"en-US"}]}},"jetpack_sharing_enabled":true,"_links":{"self":[{"href":"https:\/\/mmi24f01.mmi-troyes.fr\/wr211\/wp-json\/wp\/v2\/pages\/55","targetHints":{"allow":["GET"]}}],"collection":[{"href":"https:\/\/mmi24f01.mmi-troyes.fr\/wr211\/wp-json\/wp\/v2\/pages"}],"about":[{"href":"https:\/\/mmi24f01.mmi-troyes.fr\/wr211\/wp-json\/wp\/v2\/types\/page"}],"author":[{"embeddable":true,"href":"https:\/\/mmi24f01.mmi-troyes.fr\/wr211\/wp-json\/wp\/v2\/users\/1"}],"replies":[{"embeddable":true,"href":"https:\/\/mmi24f01.mmi-troyes.fr\/wr211\/wp-json\/wp\/v2\/comments?post=55"}],"version-history":[{"count":5,"href":"https:\/\/mmi24f01.mmi-troyes.fr\/wr211\/wp-json\/wp\/v2\/pages\/55\/revisions"}],"predecessor-version":[{"id":82,"href":"https:\/\/mmi24f01.mmi-troyes.fr\/wr211\/wp-json\/wp\/v2\/pages\/55\/revisions\/82"}],"wp:attachment":[{"href":"https:\/\/mmi24f01.mmi-troyes.fr\/wr211\/wp-json\/wp\/v2\/media?parent=55"}],"curies":[{"name":"wp","href":"https:\/\/api.w.org\/{rel}","templated":true}]}}